{"id":3202,"date":"2024-12-18T16:52:26","date_gmt":"2024-12-18T14:52:26","guid":{"rendered":"https:\/\/mavotrans.nl\/geluidsabsorptie\/?page_id=3202"},"modified":"2024-12-19T13:31:09","modified_gmt":"2024-12-19T11:31:09","slug":"welke-materialen-zijn-geluidsabsorberend","status":"publish","type":"page","link":"https:\/\/mavotrans.nl\/geluidsabsorptie\/welke-materialen-zijn-geluidsabsorberend\/","title":{"rendered":"Welke materialen zijn geluidsabsorberend?"},"content":{"rendered":"","protected":false},"excerpt":{"rendered":"","protected":false},"author":3,"featured_media":0,"parent":0,"menu_order":0,"comment_status":"closed","ping_status":"closed","template":"","meta":{"_acf_changed":false,"_relevanssi_hide_post":"","_relevanssi_hide_content":"","_relevanssi_pin_for_all":"","_relevanssi_pin_keywords":"","_relevanssi_unpin_keywords":"","_relevanssi_related_keywords":"","_relevanssi_related_include_ids":"","_relevanssi_related_exclude_ids":"","_relevanssi_related_no_append":"","_relevanssi_related_not_related":"","_relevanssi_related_posts":"","_relevanssi_noindex_reason":"","footnotes":""},"class_list":["post-3202","page","type-page","status-publish","hentry"],"acf":{"header_active":true,"header_small":{"image":3209,"title":"Welke materialen zijn geluidsabsorberend?","subtitle":"E\u00e9n ding hebben ze gemeen: ze zijn poreus of vezelig","link":""},"sidebar":false,"sidebar_img":null,"sidebar_filter":false},"yoast_head":"<!-- This site is optimized with the Yoast SEO plugin v27.3 - https:\/\/yoast.com\/product\/yoast-seo-wordpress\/ -->\n<title>Welke materialen zijn geluidsabsorberend? - Mavotrans Akoestiek<\/title>\n<meta name=\"description\" content=\"Hoewel geluidsabsorberende materialen in samenstelling en toepassing vari\u00ebren, hebben ze allemaal \u00e9\u00e9n ding gemeen: ze zijn poreus of vezelig.\" \/>\n<meta name=\"robots\" content=\"index, follow, max-snippet:-1, max-image-preview:large, max-video-preview:-1\" \/>\n<link rel=\"canonical\" href=\"https:\/\/mavotrans.nl\/geluidsabsorptie\/welke-materialen-zijn-geluidsabsorberend\/\" \/>\n<meta property=\"og:locale\" content=\"nl_NL\" \/>\n<meta property=\"og:type\" content=\"article\" \/>\n<meta property=\"og:title\" content=\"Welke materialen zijn geluidsabsorberend? - Mavotrans Akoestiek\" \/>\n<meta property=\"og:description\" content=\"Hoewel geluidsabsorberende materialen in samenstelling en toepassing vari\u00ebren, hebben ze allemaal \u00e9\u00e9n ding gemeen: ze zijn poreus of vezelig.\" \/>\n<meta property=\"og:url\" content=\"https:\/\/mavotrans.nl\/geluidsabsorptie\/welke-materialen-zijn-geluidsabsorberend\/\" \/>\n<meta property=\"og:site_name\" content=\"Mavotrans Akoestiek\" \/>\n<meta property=\"article:modified_time\" content=\"2024-12-19T11:31:09+00:00\" \/>\n<meta name=\"twitter:card\" content=\"summary_large_image\" \/>\n<meta name=\"twitter:label1\" content=\"Geschatte leestijd\" \/>\n\t<meta name=\"twitter:data1\" content=\"5 minuten\" \/>\n<script type=\"application\/ld+json\" class=\"yoast-schema-graph\">{\"@context\":\"https:\\\/\\\/schema.org\",\"@graph\":[{\"@type\":\"WebPage\",\"@id\":\"https:\\\/\\\/mavotrans.nl\\\/geluidsabsorptie\\\/welke-materialen-zijn-geluidsabsorberend\\\/\",\"url\":\"https:\\\/\\\/mavotrans.nl\\\/geluidsabsorptie\\\/welke-materialen-zijn-geluidsabsorberend\\\/\",\"name\":\"Welke materialen zijn geluidsabsorberend? - Mavotrans Akoestiek\",\"isPartOf\":{\"@id\":\"https:\\\/\\\/mavotrans.nl\\\/geluidsabsorptie\\\/#website\"},\"datePublished\":\"2024-12-18T14:52:26+00:00\",\"dateModified\":\"2024-12-19T11:31:09+00:00\",\"description\":\"Hoewel geluidsabsorberende materialen in samenstelling en toepassing vari\u00ebren, hebben ze allemaal \u00e9\u00e9n ding gemeen: ze zijn poreus of vezelig.\",\"breadcrumb\":{\"@id\":\"https:\\\/\\\/mavotrans.nl\\\/geluidsabsorptie\\\/welke-materialen-zijn-geluidsabsorberend\\\/#breadcrumb\"},\"inLanguage\":\"nl-NL\",\"potentialAction\":[{\"@type\":\"ReadAction\",\"target\":[\"https:\\\/\\\/mavotrans.nl\\\/geluidsabsorptie\\\/welke-materialen-zijn-geluidsabsorberend\\\/\"]}]},{\"@type\":\"BreadcrumbList\",\"@id\":\"https:\\\/\\\/mavotrans.nl\\\/geluidsabsorptie\\\/welke-materialen-zijn-geluidsabsorberend\\\/#breadcrumb\",\"itemListElement\":[{\"@type\":\"ListItem\",\"position\":1,\"name\":\"Home\",\"item\":\"https:\\\/\\\/mavotrans.nl\\\/geluidsabsorptie\\\/\"},{\"@type\":\"ListItem\",\"position\":2,\"name\":\"Welke materialen zijn geluidsabsorberend?\"}]},{\"@type\":\"WebSite\",\"@id\":\"https:\\\/\\\/mavotrans.nl\\\/geluidsabsorptie\\\/#website\",\"url\":\"https:\\\/\\\/mavotrans.nl\\\/geluidsabsorptie\\\/\",\"name\":\"Mavotrans Akoestiek\",\"description\":\"\",\"potentialAction\":[{\"@type\":\"SearchAction\",\"target\":{\"@type\":\"EntryPoint\",\"urlTemplate\":\"https:\\\/\\\/mavotrans.nl\\\/geluidsabsorptie\\\/?s={search_term_string}\"},\"query-input\":{\"@type\":\"PropertyValueSpecification\",\"valueRequired\":true,\"valueName\":\"search_term_string\"}}],\"inLanguage\":\"nl-NL\"}]}<\/script>\n<!-- \/ Yoast SEO plugin. -->","yoast_head_json":{"title":"Welke materialen zijn geluidsabsorberend? - Mavotrans Akoestiek","description":"Hoewel geluidsabsorberende materialen in samenstelling en toepassing vari\u00ebren, hebben ze allemaal \u00e9\u00e9n ding gemeen: ze zijn poreus of vezelig.","robots":{"index":"index","follow":"follow","max-snippet":"max-snippet:-1","max-image-preview":"max-image-preview:large","max-video-preview":"max-video-preview:-1"},"canonical":"https:\/\/mavotrans.nl\/geluidsabsorptie\/welke-materialen-zijn-geluidsabsorberend\/","og_locale":"nl_NL","og_type":"article","og_title":"Welke materialen zijn geluidsabsorberend? - Mavotrans Akoestiek","og_description":"Hoewel geluidsabsorberende materialen in samenstelling en toepassing vari\u00ebren, hebben ze allemaal \u00e9\u00e9n ding gemeen: ze zijn poreus of vezelig.","og_url":"https:\/\/mavotrans.nl\/geluidsabsorptie\/welke-materialen-zijn-geluidsabsorberend\/","og_site_name":"Mavotrans Akoestiek","article_modified_time":"2024-12-19T11:31:09+00:00","twitter_card":"summary_large_image","twitter_misc":{"Geschatte leestijd":"5 minuten"},"schema":{"@context":"https:\/\/schema.org","@graph":[{"@type":"WebPage","@id":"https:\/\/mavotrans.nl\/geluidsabsorptie\/welke-materialen-zijn-geluidsabsorberend\/","url":"https:\/\/mavotrans.nl\/geluidsabsorptie\/welke-materialen-zijn-geluidsabsorberend\/","name":"Welke materialen zijn geluidsabsorberend? - Mavotrans Akoestiek","isPartOf":{"@id":"https:\/\/mavotrans.nl\/geluidsabsorptie\/#website"},"datePublished":"2024-12-18T14:52:26+00:00","dateModified":"2024-12-19T11:31:09+00:00","description":"Hoewel geluidsabsorberende materialen in samenstelling en toepassing vari\u00ebren, hebben ze allemaal \u00e9\u00e9n ding gemeen: ze zijn poreus of vezelig.","breadcrumb":{"@id":"https:\/\/mavotrans.nl\/geluidsabsorptie\/welke-materialen-zijn-geluidsabsorberend\/#breadcrumb"},"inLanguage":"nl-NL","potentialAction":[{"@type":"ReadAction","target":["https:\/\/mavotrans.nl\/geluidsabsorptie\/welke-materialen-zijn-geluidsabsorberend\/"]}]},{"@type":"BreadcrumbList","@id":"https:\/\/mavotrans.nl\/geluidsabsorptie\/welke-materialen-zijn-geluidsabsorberend\/#breadcrumb","itemListElement":[{"@type":"ListItem","position":1,"name":"Home","item":"https:\/\/mavotrans.nl\/geluidsabsorptie\/"},{"@type":"ListItem","position":2,"name":"Welke materialen zijn geluidsabsorberend?"}]},{"@type":"WebSite","@id":"https:\/\/mavotrans.nl\/geluidsabsorptie\/#website","url":"https:\/\/mavotrans.nl\/geluidsabsorptie\/","name":"Mavotrans Akoestiek","description":"","potentialAction":[{"@type":"SearchAction","target":{"@type":"EntryPoint","urlTemplate":"https:\/\/mavotrans.nl\/geluidsabsorptie\/?s={search_term_string}"},"query-input":{"@type":"PropertyValueSpecification","valueRequired":true,"valueName":"search_term_string"}}],"inLanguage":"nl-NL"}]}},"_links":{"self":[{"href":"https:\/\/mavotrans.nl\/geluidsabsorptie\/wp-json\/wp\/v2\/pages\/3202","targetHints":{"allow":["GET"]}}],"collection":[{"href":"https:\/\/mavotrans.nl\/geluidsabsorptie\/wp-json\/wp\/v2\/pages"}],"about":[{"href":"https:\/\/mavotrans.nl\/geluidsabsorptie\/wp-json\/wp\/v2\/types\/page"}],"author":[{"embeddable":true,"href":"https:\/\/mavotrans.nl\/geluidsabsorptie\/wp-json\/wp\/v2\/users\/3"}],"replies":[{"embeddable":true,"href":"https:\/\/mavotrans.nl\/geluidsabsorptie\/wp-json\/wp\/v2\/comments?post=3202"}],"version-history":[{"count":11,"href":"https:\/\/mavotrans.nl\/geluidsabsorptie\/wp-json\/wp\/v2\/pages\/3202\/revisions"}],"predecessor-version":[{"id":3229,"href":"https:\/\/mavotrans.nl\/geluidsabsorptie\/wp-json\/wp\/v2\/pages\/3202\/revisions\/3229"}],"wp:attachment":[{"href":"https:\/\/mavotrans.nl\/geluidsabsorptie\/wp-json\/wp\/v2\/media?parent=3202"}],"curies":[{"name":"wp","href":"https:\/\/api.w.org\/{rel}","templated":true}]}}